{"id":635,"date":"2015-12-03T13:26:40","date_gmt":"2015-12-03T13:26:40","guid":{"rendered":"http:\/\/www.manolis-apartments.gr\/de\/?page_id=635"},"modified":"2022-04-23T15:22:48","modified_gmt":"2022-04-23T15:22:48","slug":"kontakt","status":"publish","type":"page","link":"https:\/\/www.manolis-apartments.gr\/de\/kontakt\/","title":{"rendered":"Kontakt"},"content":{"rendered":"\n<style type=\"text\/css\" data-created_by=\"avia_inline_auto\" id=\"style-css-av-av_section-6d31e9b95acb2df0c33316656ad736cc\">\n.avia-section.av-av_section-6d31e9b95acb2df0c33316656ad736cc .av-parallax .av-parallax-inner{\nbackground-repeat:no-repeat;\nbackground-image:url(https:\/\/www.manolis-apartments.gr\/wp-content\/uploads\/2015\/05\/IMG_4129.jpeg);\nbackground-position:50% 100%;\nbackground-attachment:scroll;\n}\n<\/style>\n<div id='av_section_1'  class='avia-section av-av_section-6d31e9b95acb2df0c33316656ad736cc main_color avia-section-default avia-no-shadow  avia-builder-el-0  el_before_av_one_full  avia-builder-el-first  av-parallax-section avia-bg-style-parallax av-minimum-height av-minimum-height-50 av-height-50  container_wrap sidebar_right'  data-section-bg-repeat='no-repeat' data-av_minimum_height_pc='50' data-av_min_height_opt='50'><div class='av-parallax' data-avia-parallax-ratio='0.3' ><div class='av-parallax-inner main_color avia-full-stretch'><\/div><\/div><div class='container av-section-cont-open' ><main  role=\"main\" itemprop=\"mainContentOfPage\"  class='template-page content  av-content-small alpha units'><div class='post-entry post-entry-type-page post-entry-635'><div class='entry-content-wrapper clearfix'>\n<div  class='flex_column av-av_one_half-2a9015ff38129c418a3f2eafba3e9512 av_one_half  avia-builder-el-1  avia-builder-el-no-sibling  first flex_column_div  '     ><style type=\"text\/css\" data-created_by=\"avia_inline_auto\" id=\"style-css-av-av_textblock-0495ba487d93331d0a255e1072a23468\">\n#top .av_textblock_section.av-av_textblock-0495ba487d93331d0a255e1072a23468 .avia_textblock{\ncolor:#ffffff;\n}\n<\/style>\n<section  class='av_textblock_section av-av_textblock-0495ba487d93331d0a255e1072a23468 '   itemscope=\"itemscope\" itemtype=\"https:\/\/schema.org\/CreativeWork\" ><div class='avia_textblock av_inherit_color'  itemprop=\"text\" ><h2>Kontakt<\/h2>\n<\/div><\/section><br \/>\n<div  class='hr av-av_hr-7baa9936fe5691b53f4ae1c79d4cc23f hr-short  avia-builder-el-3  el_after_av_textblock  avia-builder-el-last  hr-left'><span class='hr-inner '><span class=\"hr-inner-style\"><\/span><\/span><\/div><\/p><\/div>\n<\/div><\/div><\/main><!-- close content main element --><\/div><\/div><div id='after_section_1'  class='main_color av_default_container_wrap container_wrap sidebar_right'  ><div class='container av-section-cont-open' ><div class='template-page content  av-content-small alpha units'><div class='post-entry post-entry-type-page post-entry-635'><div class='entry-content-wrapper clearfix'>\n<div  class='flex_column av-av_one_full-2a9015ff38129c418a3f2eafba3e9512 av_one_full  avia-builder-el-4  el_after_av_section  el_before_av_one_half  avia-builder-el-first  first flex_column_div  '     ><section  class='av_textblock_section av-av_textblock-0366cc7376be6c9e82a3e9cc8987b64f '   itemscope=\"itemscope\" itemtype=\"https:\/\/schema.org\/CreativeWork\" ><div class='avia_textblock'  itemprop=\"text\" ><p>Liebe Freunde,<br \/>\nmeine Familie und ich pers\u00f6nlich laden Sie in Manolis Apartments ein, damit Sie unsere echte Gastfreundschaft genie\u00dfen, wie man sie hier auf Kreta bietet, und unvergessliche Ferien auf unserer Insel verbringen k\u00f6nnen. Vielen Dank f\u00fcr den Besuch unserer Webseite und wir freuen uns darauf, Sie in unseren Studios und Apartments zu sehen.<\/p>\n<p><strong>Mit freundlichen Gr\u00fc\u00dfen<\/strong><br \/>\n<strong>Manolis Christodoulakis<\/strong><\/p>\n<p>F\u00fcr weitere Informationen \u00fcber unsere Apartments und Studios Manolis k\u00f6nnen Sie mit uns kommunizieren oder das Kommunikationsformular ausf\u00fcllen.<\/p>\n<\/div><\/section><\/div>\n<div  class='flex_column av-av_one_half-2a9015ff38129c418a3f2eafba3e9512 av_one_half  avia-builder-el-6  el_after_av_one_full  el_before_av_one_half  first flex_column_div  column-top-margin'     ><form action=\"https:\/\/www.manolis-apartments.gr\/de\/kontakt\/\" method=\"post\" data-fields-with-error=\"Fehler wurden in folgenden Feld(ern) gefunden:\" class=\"avia_ajax_form av-form-labels-visible   avia-builder-el-7  avia-builder-el-no-sibling   \" data-avia-form-id=\"1\" data-avia-redirect='' ><h3 class=''>Kommunikationsformular<\/h3><fieldset><p class='  first_form  form_element form_fullwidth' id='element_avia_1_1'><label for=\"avia_1_1\">Name <abbr class=\"required\" title=\"ben\u00f6tigt\">*<\/abbr><\/label> <input name=\"avia_1_1\" class=\"text_input is_empty\" type=\"text\" id=\"avia_1_1\" value=\"\" \/><\/p><p class='  first_form  form_element form_element_half' id='element_avia_2_1'><label for=\"avia_2_1\">E-Mail <abbr class=\"required\" title=\"ben\u00f6tigt\">*<\/abbr><\/label> <input name=\"avia_2_1\" class=\"text_input is_email\" type=\"text\" id=\"avia_2_1\" value=\"\" \/><\/p><p class='  form_element form_element_half' id='element_avia_3_1'><label for=\"avia_3_1\">Telefonnummer <abbr class=\"required\" title=\"ben\u00f6tigt\">*<\/abbr><\/label> <input name=\"avia_3_1\" class=\"text_input is_empty\" type=\"text\" id=\"avia_3_1\" value=\"\" \/><\/p><p class='  first_form  form_element form_element_half' id='element_avia_4_1'><label for=\"avia_4_1\">Ankunftsdatum<\/label> <input name=\"avia_4_1\" class=\"avia_datepicker text_input \" type=\"text\" id=\"avia_4_1\" value=\"\" placeholder=\"DD \/ MM \/ YY\" inputmode=\"none\" \/><\/p><p class='  form_element form_element_half' id='element_avia_5_1'><label for=\"avia_5_1\">Abfahrtsdatum<\/label> <input name=\"avia_5_1\" class=\"avia_datepicker text_input \" type=\"text\" id=\"avia_5_1\" value=\"\" placeholder=\"DD \/ MM \/ YY\" inputmode=\"none\" \/><\/p><p class='  first_form  form_element form_element_half' id='element_avia_6_1'><label for=\"avia_6_1\">Zimmertyp<\/label><select  name=\"avia_6_1\" class=\"select \" id=\"avia_6_1\"><option  selected=\"selected\" value=''><\/option><option   value='Standard Studio (Typ A)'>Standard Studio (Typ A)<\/option><option   value='Superior Studio (Typ B)'>Superior Studio (Typ B)<\/option><option   value='Ein-Schlafzimmer Wohnung (Typ C)'>Ein-Schlafzimmer Wohnung (Typ C)<\/option><option   value='Zwei-Schlafzimmer Wohnung (Eirini &amp; Manolis)'>Zwei-Schlafzimmer Wohnung (Eirini &amp; Manolis)<\/option><\/select><\/p><p class='  form_element form_element_half' id='element_avia_7_1'><label for=\"avia_7_1\">G\u00e4stenummer<\/label><select  name=\"avia_7_1\" class=\"select \" id=\"avia_7_1\"><option  selected=\"selected\" value=''><\/option><option   value='1'>1<\/option><option   value='2'>2<\/option><option   value='3'>3<\/option><option   value='4'>4<\/option><option   value='5'>5<\/option><option   value='6'>6<\/option><\/select><\/p><p class='  first_form  form_element form_fullwidth av-last-visible-form-element' id='element_avia_8_1'><label for=\"avia_8_1\" class=\"textare_label hidden textare_label_avia_8_1\">Kommentare<\/label><textarea  name=\"avia_8_1\" class=\"text_area \" cols=\"40\" rows=\"7\" id=\"avia_8_1\" ><\/textarea><\/p><p class=\"hidden\"><input type=\"text\" name=\"avia_9_1\" class=\"hidden \" id=\"avia_9_1\" value=\"\" \/><\/p><p class=\"form_element \"><input type=\"hidden\" value=\"1\" name=\"avia_generated_form1\" \/><input type=\"submit\" value=\"Absenden\" class=\"button\"  data-sending-label=\"Sende\"\/><\/p><\/fieldset><\/form><div id=\"ajaxresponse_1\" class=\"ajaxresponse ajaxresponse_1 hidden\"><\/div><\/div>\n\n<style type=\"text\/css\" data-created_by=\"avia_inline_auto\" id=\"style-css-av-av_one_half-2a64de42b738552fe666ca889af77e28\">\n.flex_column.av-av_one_half-2a64de42b738552fe666ca889af77e28{\nborder-radius:0px 0px 0px 0px;\npadding:0px 0px 0px 0px;\n}\n<\/style>\n<div  class='flex_column av-av_one_half-2a64de42b738552fe666ca889af77e28 av_one_half  avia-builder-el-8  el_after_av_one_half  avia-builder-el-last  flex_column_div av-zero-column-padding  column-top-margin'     ><section  class='av_textblock_section av-av_textblock-0366cc7376be6c9e82a3e9cc8987b64f '   itemscope=\"itemscope\" itemtype=\"https:\/\/schema.org\/CreativeWork\" ><div class='avia_textblock'  itemprop=\"text\" ><h3>Kontact<\/h3>\n<\/div><\/section><br \/>\n<div class='avia-data-table-wrap av-av_table-79567314f19fdf27597651e950bcbb3a avia_responsive_table avia-table-1'><table  class='avia-table avia-data-table avia_pricing_default  avia-builder-el-10  el_after_av_textblock  avia-builder-el-last '  itemscope=\"itemscope\" itemtype=\"https:\/\/schema.org\/Table\" ><tbody><tr class=''><td class=''>Adresse:<\/td><td class=''>74060 Plakias, Kreta, Griechenland<\/td><\/tr><tr class=''><td class=''>Telefonnummer:<\/td><td class=''>+30.2832031789<\/td><\/tr><tr class=''><td class=''>Fax:<\/td><td class=''>+30.2832031789<\/td><\/tr><tr class=''><td class=''>Mobiltelefon:<\/td><td class=''>+30.6977343328<\/td><\/tr><tr class=''><td class=''>Email:<\/td><td class=''><a href=\"mailto:info@manolis-apartments.gr\">info@manolis-apartments.gr<\/a><br \/>\n<\/td><\/tr><tr class=''><td class=''>Ansprechpartner:<\/td><td class=''>Manolis Christodoulakis<\/td><\/tr><\/tbody><\/table><\/div><\/p><\/div>\n","protected":false},"excerpt":{"rendered":"","protected":false},"author":1,"featured_media":0,"parent":0,"menu_order":0,"comment_status":"closed","ping_status":"closed","template":"","meta":{"_acf_changed":false,"footnotes":""},"class_list":["post-635","page","type-page","status-publish","hentry"],"acf":[],"_links":{"self":[{"href":"https:\/\/www.manolis-apartments.gr\/de\/wp-json\/wp\/v2\/pages\/635","targetHints":{"allow":["GET"]}}],"collection":[{"href":"https:\/\/www.manolis-apartments.gr\/de\/wp-json\/wp\/v2\/pages"}],"about":[{"href":"https:\/\/www.manolis-apartments.gr\/de\/wp-json\/wp\/v2\/types\/page"}],"author":[{"embeddable":true,"href":"https:\/\/www.manolis-apartments.gr\/de\/wp-json\/wp\/v2\/users\/1"}],"replies":[{"embeddable":true,"href":"https:\/\/www.manolis-apartments.gr\/de\/wp-json\/wp\/v2\/comments?post=635"}],"version-history":[{"count":7,"href":"https:\/\/www.manolis-apartments.gr\/de\/wp-json\/wp\/v2\/pages\/635\/revisions"}],"predecessor-version":[{"id":849,"href":"https:\/\/www.manolis-apartments.gr\/de\/wp-json\/wp\/v2\/pages\/635\/revisions\/849"}],"wp:attachment":[{"href":"https:\/\/www.manolis-apartments.gr\/de\/wp-json\/wp\/v2\/media?parent=635"}],"curies":[{"name":"wp","href":"https:\/\/api.w.org\/{rel}","templated":true}]}}