{"id":630,"date":"2015-12-03T12:47:03","date_gmt":"2015-12-03T12:47:03","guid":{"rendered":"http:\/\/www.manolis-apartments.gr\/de\/?page_id=630"},"modified":"2022-04-23T15:25:20","modified_gmt":"2022-04-23T15:25:20","slug":"leistungen","status":"publish","type":"page","link":"https:\/\/www.manolis-apartments.gr\/de\/leistungen\/","title":{"rendered":"Leistungen"},"content":{"rendered":"\n<style type=\"text\/css\" data-created_by=\"avia_inline_auto\" id=\"style-css-av-av_section-669a359dbd3cc579417ce74768c3534f\">\n.avia-section.av-av_section-669a359dbd3cc579417ce74768c3534f .av-parallax .av-parallax-inner{\nbackground-repeat:no-repeat;\nbackground-image:url(https:\/\/www.manolis-apartments.gr\/wp-content\/uploads\/2015\/05\/IMG_4160-1-1.jpeg);\nbackground-position:50% 100%;\nbackground-attachment:scroll;\n}\n<\/style>\n<div id='av_section_1'  class='avia-section av-av_section-669a359dbd3cc579417ce74768c3534f main_color avia-section-default avia-no-shadow  avia-builder-el-0  el_before_av_one_full  avia-builder-el-first  av-parallax-section avia-bg-style-parallax av-minimum-height av-minimum-height-50 av-height-50  container_wrap sidebar_right'  data-section-bg-repeat='no-repeat' data-av_minimum_height_pc='50' data-av_min_height_opt='50'><div class='av-parallax' data-avia-parallax-ratio='0.3' ><div class='av-parallax-inner main_color avia-full-stretch'><\/div><\/div><div class='container av-section-cont-open' ><main  role=\"main\" itemprop=\"mainContentOfPage\"  class='template-page content  av-content-small alpha units'><div class='post-entry post-entry-type-page post-entry-630'><div class='entry-content-wrapper clearfix'>\n<div  class='flex_column av-av_one_half-2a9015ff38129c418a3f2eafba3e9512 av_one_half  avia-builder-el-1  avia-builder-el-no-sibling  first flex_column_div  '     ><style type=\"text\/css\" data-created_by=\"avia_inline_auto\" id=\"style-css-av-av_textblock-0495ba487d93331d0a255e1072a23468\">\n#top .av_textblock_section.av-av_textblock-0495ba487d93331d0a255e1072a23468 .avia_textblock{\ncolor:#ffffff;\n}\n<\/style>\n<section  class='av_textblock_section av-av_textblock-0495ba487d93331d0a255e1072a23468 '   itemscope=\"itemscope\" itemtype=\"https:\/\/schema.org\/CreativeWork\" ><div class='avia_textblock av_inherit_color'  itemprop=\"text\" ><h2>Leistungen und Erleichterungen<\/h2>\n<\/div><\/section><br \/>\n<div  class='hr av-av_hr-7baa9936fe5691b53f4ae1c79d4cc23f hr-short  avia-builder-el-3  el_after_av_textblock  avia-builder-el-last  hr-left'><span class='hr-inner '><span class=\"hr-inner-style\"><\/span><\/span><\/div><\/p><\/div>\n<\/div><\/div><\/main><!-- close content main element --><\/div><\/div><div id='after_section_1'  class='main_color av_default_container_wrap container_wrap sidebar_right'  ><div class='container av-section-cont-open' ><div class='template-page content  av-content-small alpha units'><div class='post-entry post-entry-type-page post-entry-630'><div class='entry-content-wrapper clearfix'>\n<div  class='flex_column av-av_one_full-2a9015ff38129c418a3f2eafba3e9512 av_one_full  avia-builder-el-4  el_after_av_section  el_before_av_one_full  avia-builder-el-first  first flex_column_div  '     ><section  class='av_textblock_section av-av_textblock-0366cc7376be6c9e82a3e9cc8987b64f '   itemscope=\"itemscope\" itemtype=\"https:\/\/schema.org\/CreativeWork\" ><div class='avia_textblock'  itemprop=\"text\" ><p>Manolis Apartments bieten viele Leistungen und Erleichterungen, damit unsere G\u00e4ste sch\u00f6ne und ruhige Ferien verbringen und ihre Bed\u00fcrfnisse und W\u00fcnsche befriedigen k\u00f6nnen.<\/p>\n<\/div><\/section><\/div>\n<div  class='flex_column av-av_one_full-2a9015ff38129c418a3f2eafba3e9512 av_one_full  avia-builder-el-6  el_after_av_one_full  avia-builder-el-last  first flex_column_div  column-top-margin'     ><div  class='avia-table av-av_table-836751dd624a7c7741761433ab722bd8 main_color avia-pricing-table-container avia_pricing_minimal  avia-builder-el-7  avia-builder-el-no-sibling  avia-table-1'  itemscope=\"itemscope\" itemtype=\"https:\/\/schema.org\/Table\" ><div class=\"pricing-table-wrap\"><ul class='pricing-table '><li class='avia-heading-row'><div class='first-table-item'>AUSSTATTUNG DER APARTMENTS<\/div><span class='pricing-extra'><\/span><\/li><li class=''>Klimaanalage<\/li><li class=''>Kabelfernsehen<\/li><li class=''>Empfangsbereich mit gemeinsamem Wohnzimmer, Fernsehen und Computer<\/li><li class=''>Balkon in jedem Apartment<\/li><li class=''>Balkonm\u00f6bel<\/li><li class=''>Garten<\/li><li class=''>Rasenm\u00e4hen rund um den Pool<\/li><li class=''>Kinderspielplatz<\/li><li class=''>Sonnenkollektoren<\/li><li class=''>B\u00fcgeleisen<\/li><li class=''>F\u00f6hn<\/li><li class=''>Spiegel<\/li><li class=''>Kleiderschrank<\/li><li class=''>W\u00e4schest\u00e4nder<\/li><li class='avia-heading-row'>Babybett (auf Anfrage)<\/li><li class=' empty-table-cell'><span class='fallback-table-val'>Schwimmbad 50qm (L\u00e4nge: 10m, Breite: 5m, max.Tiefe: 1,70m)<\/span><\/li><li class=' empty-table-cell'><span class='fallback-table-val'>Sonnenschirme, Liegest\u00fchle u.s.w.<\/span><\/li><li class=' empty-table-cell'><span class='fallback-table-val'>Toiletten und Duschen f\u00fcr die Schwimmbadbesucher<\/span><\/li><li class='avia-heading-row empty-table-cell'><span class='fallback-table-val'>KOSTENLOSER PARKPLATZ<\/span><\/li><li class=' empty-table-cell'><span class='fallback-table-val'>An der rechten und linken Seite der Apartments gibt es freien Platz, wo Sie kostenlos parken k\u00f6nnen<\/span><\/li><\/ul><\/div><div class=\"pricing-table-wrap\"><ul class='pricing-table '><li class='avia-heading-row'><div class='first-table-item'>K\u00dcCHENAUSSTATUNG<\/div><span class='pricing-extra'><\/span><\/li><li class=''>Minibackofen mit Kochplatten<\/li><li class=''>K\u00fchlschrank<\/li><li class=''>Kaffeemaschine<\/li><li class=''>T\u00f6pfe<\/li><li class=''>Sandwitchtoaster<\/li><li class=''>Geschirr und Besteck<\/li><li class=''>Fr\u00fchst\u00fccksservice m\u00f6glich<\/li><li class=' empty-table-cell'><span class='fallback-table-val'>Kinderspielplatz<\/span><\/li><li class=' empty-table-cell'><span class='fallback-table-val'>Sonnenkollektoren<\/span><\/li><li class=' empty-table-cell'><span class='fallback-table-val'>B\u00fcgeleisen<\/span><\/li><li class=' empty-table-cell'><span class='fallback-table-val'>F\u00f6hn<\/span><\/li><li class=' empty-table-cell'><span class='fallback-table-val'>Spiegel<\/span><\/li><li class=' empty-table-cell'><span class='fallback-table-val'>Kleiderschrank<\/span><\/li><li class=' empty-table-cell'><span class='fallback-table-val'>W\u00e4schest\u00e4nder<\/span><\/li><li class='avia-heading-row'>SCHWIMMBADAUSSTATTUNG<\/li><li class=''>Schwimmbad 50qm (L\u00e4nge: 10m, Breite: 5m, max.Tiefe: 1,70m)<\/li><li class=''>Sonnenschirme, Liegest\u00fchle u.s.w.<\/li><li class=''>Toiletten und Duschen f\u00fcr die Schwimmbadbesucher<\/li><li class='avia-heading-row empty-table-cell'><span class='fallback-table-val'>KOSTENLOSER PARKPLATZ<\/span><\/li><li class=' empty-table-cell'><span class='fallback-table-val'>An der rechten und linken Seite der Apartments gibt es freien Platz, wo Sie kostenlos parken k\u00f6nnen<\/span><\/li><\/ul><\/div><div class=\"pricing-table-wrap\"><ul class='pricing-table '><li class='avia-heading-row'><div class='first-table-item'>SAUBERKEIT UND HYGIENE IM HOTEL<\/div><span class='pricing-extra'><\/span><\/li><li class=''>T\u00e4gliche Zimmerreinigung (au\u00dfer sonntags)<\/li><li class=''>T\u00e4gliche M\u00fcllabfuhr(au\u00dfer sonntags)<\/li><li class=''>Bettw\u00e4sche und Handt\u00fccher werden alle drei Tage gewechselt<\/li><li class=''>\u00a0<\/li><li class=''>\u00a0<\/li><li class=''>\u00a0<\/li><li class=' empty-table-cell'><span class='fallback-table-val'>Rasenm\u00e4hen rund um den Pool<\/span><\/li><li class=' empty-table-cell'><span class='fallback-table-val'>Kinderspielplatz<\/span><\/li><li class=' empty-table-cell'><span class='fallback-table-val'>Sonnenkollektoren<\/span><\/li><li class=' empty-table-cell'><span class='fallback-table-val'>B\u00fcgeleisen<\/span><\/li><li class=' empty-table-cell'><span class='fallback-table-val'>F\u00f6hn<\/span><\/li><li class=' empty-table-cell'><span class='fallback-table-val'>Spiegel<\/span><\/li><li class=' empty-table-cell'><span class='fallback-table-val'>Kleiderschrank<\/span><\/li><li class=' empty-table-cell'><span class='fallback-table-val'>W\u00e4schest\u00e4nder<\/span><\/li><li class='avia-heading-row'>FREIER INTERNETZUGANG<\/li><li class=''>Freier Internetzugang rund um die Uhr<\/li><li class=''>Gemeinsamer Computer mit Internetzugang im Empfangsbereich<\/li><li class=' empty-table-cell'><span class='fallback-table-val'>Toiletten und Duschen f\u00fcr die Schwimmbadbesucher<\/span><\/li><li class='avia-heading-row'>KOSTENLOSER PARKPLATZ<\/li><li class=''>An der rechten und linken Seite der Apartments gibt es freien Platz, wo Sie kostenlos parken k\u00f6nnen<\/li><\/ul><\/div><\/div><\/div>\n","protected":false},"excerpt":{"rendered":"","protected":false},"author":1,"featured_media":0,"parent":0,"menu_order":0,"comment_status":"closed","ping_status":"closed","template":"","meta":{"_acf_changed":false,"footnotes":""},"class_list":["post-630","page","type-page","status-publish","hentry"],"acf":[],"_links":{"self":[{"href":"https:\/\/www.manolis-apartments.gr\/de\/wp-json\/wp\/v2\/pages\/630","targetHints":{"allow":["GET"]}}],"collection":[{"href":"https:\/\/www.manolis-apartments.gr\/de\/wp-json\/wp\/v2\/pages"}],"about":[{"href":"https:\/\/www.manolis-apartments.gr\/de\/wp-json\/wp\/v2\/types\/page"}],"author":[{"embeddable":true,"href":"https:\/\/www.manolis-apartments.gr\/de\/wp-json\/wp\/v2\/users\/1"}],"replies":[{"embeddable":true,"href":"https:\/\/www.manolis-apartments.gr\/de\/wp-json\/wp\/v2\/comments?post=630"}],"version-history":[{"count":3,"href":"https:\/\/www.manolis-apartments.gr\/de\/wp-json\/wp\/v2\/pages\/630\/revisions"}],"predecessor-version":[{"id":851,"href":"https:\/\/www.manolis-apartments.gr\/de\/wp-json\/wp\/v2\/pages\/630\/revisions\/851"}],"wp:attachment":[{"href":"https:\/\/www.manolis-apartments.gr\/de\/wp-json\/wp\/v2\/media?parent=630"}],"curies":[{"name":"wp","href":"https:\/\/api.w.org\/{rel}","templated":true}]}}