{"id":628,"date":"2015-12-03T12:31:23","date_gmt":"2015-12-03T12:31:23","guid":{"rendered":"http:\/\/www.manolis-apartments.gr\/de\/?page_id=628"},"modified":"2022-05-09T15:34:44","modified_gmt":"2022-05-09T15:34:44","slug":"aufenthalt","status":"publish","type":"page","link":"https:\/\/www.manolis-apartments.gr\/de\/aufenthalt\/","title":{"rendered":"Aufenthalt"},"content":{"rendered":"\n<style type=\"text\/css\" data-created_by=\"avia_inline_auto\" id=\"style-css-av-av_section-f4eb41b8b95dbb6c98468b6ca0723fc8\">\n.avia-section.av-av_section-f4eb41b8b95dbb6c98468b6ca0723fc8 .av-parallax .av-parallax-inner{\nbackground-repeat:no-repeat;\nbackground-image:url(https:\/\/www.manolis-apartments.gr\/wp-content\/uploads\/2015\/08\/IMG_4117.jpeg);\nbackground-position:50% 50%;\nbackground-attachment:scroll;\n}\n<\/style>\n<div id='av_section_1'  class='avia-section av-av_section-f4eb41b8b95dbb6c98468b6ca0723fc8 main_color avia-section-default avia-no-shadow  avia-builder-el-0  el_before_av_one_full  avia-builder-el-first  av-parallax-section avia-bg-style-parallax av-minimum-height av-minimum-height-50 av-height-50  container_wrap sidebar_right'  data-section-bg-repeat='no-repeat' data-av_minimum_height_pc='50' data-av_min_height_opt='50'><div class='av-parallax' data-avia-parallax-ratio='0.3' ><div class='av-parallax-inner main_color avia-full-stretch'><\/div><\/div><div class='container av-section-cont-open' ><main  role=\"main\" itemprop=\"mainContentOfPage\"  class='template-page content  av-content-small alpha units'><div class='post-entry post-entry-type-page post-entry-628'><div class='entry-content-wrapper clearfix'>\n<div  class='flex_column av-av_one_half-2a9015ff38129c418a3f2eafba3e9512 av_one_half  avia-builder-el-1  avia-builder-el-no-sibling  first flex_column_div  '     ><style type=\"text\/css\" data-created_by=\"avia_inline_auto\" id=\"style-css-av-av_textblock-0495ba487d93331d0a255e1072a23468\">\n#top .av_textblock_section.av-av_textblock-0495ba487d93331d0a255e1072a23468 .avia_textblock{\ncolor:#ffffff;\n}\n<\/style>\n<section  class='av_textblock_section av-av_textblock-0495ba487d93331d0a255e1072a23468 '   itemscope=\"itemscope\" itemtype=\"https:\/\/schema.org\/CreativeWork\" ><div class='avia_textblock av_inherit_color'  itemprop=\"text\" ><h2>Aufenthalt<\/h2>\n<\/div><\/section><br \/>\n<div  class='hr av-av_hr-7baa9936fe5691b53f4ae1c79d4cc23f hr-short  avia-builder-el-3  el_after_av_textblock  avia-builder-el-last  hr-left'><span class='hr-inner '><span class=\"hr-inner-style\"><\/span><\/span><\/div><\/p><\/div>\n<\/div><\/div><\/main><!-- close content main element --><\/div><\/div><div id='after_section_1'  class='main_color av_default_container_wrap container_wrap sidebar_right'  ><div class='container av-section-cont-open' ><div class='template-page content  av-content-small alpha units'><div class='post-entry post-entry-type-page post-entry-628'><div class='entry-content-wrapper clearfix'>\n<div  class='flex_column av-av_one_full-2a9015ff38129c418a3f2eafba3e9512 av_one_full  avia-builder-el-4  el_after_av_section  el_before_av_one_full  avia-builder-el-first  first flex_column_div  '     ><p>\n<style type=\"text\/css\" data-created_by=\"avia_inline_auto\" id=\"style-css-av-av_heading-0bebada2c8302f66914cb7ed5beb70f8\">\n#top .av-special-heading.av-av_heading-0bebada2c8302f66914cb7ed5beb70f8{\npadding-bottom:10px;\n}\nbody .av-special-heading.av-av_heading-0bebada2c8302f66914cb7ed5beb70f8 .av-special-heading-tag .heading-char{\nfont-size:25px;\n}\n.av-special-heading.av-av_heading-0bebada2c8302f66914cb7ed5beb70f8 .av-subheading{\nfont-size:15px;\n}\n<\/style>\n<div  class='av-special-heading av-av_heading-0bebada2c8302f66914cb7ed5beb70f8 av-special-heading-h3  avia-builder-el-5  el_before_av_textblock  avia-builder-el-first '><h3 class='av-special-heading-tag '  itemprop=\"headline\"  >Aufenthalt<\/h3><div class=\"special-heading-border\"><div class=\"special-heading-inner-border\"><\/div><\/div><\/div><br \/>\n<section  class='av_textblock_section av-av_textblock-0366cc7376be6c9e82a3e9cc8987b64f '   itemscope=\"itemscope\" itemtype=\"https:\/\/schema.org\/CreativeWork\" ><div class='avia_textblock'  itemprop=\"text\" ><p>Manolis Apartments bestehen aus 5 gro\u00dfen und ganz neuen Apartments Typ C, aus 2 Superior Studios Typ B und aus elf Einzimmerapartments Typ A, die Ihnen, Ihrer Familie und Ihren Freunden gem\u00fctliche, ruhige und erholsame Ferien anbieten k\u00f6nnen.<\/p>\n<\/div><\/section><\/p><\/div>\n<div  class='flex_column av-av_one_full-2a9015ff38129c418a3f2eafba3e9512 av_one_full  avia-builder-el-7  el_after_av_one_full  el_before_av_one_fourth  first flex_column_div  column-top-margin'     ><style type=\"text\/css\" data-created_by=\"avia_inline_auto\" id=\"style-css-av-av_slideshow_accordion-0ac549ceb16e4e00c56823b8cf8bbdb2\">\n.avia-accordion.av-av_slideshow_accordion-0ac549ceb16e4e00c56823b8cf8bbdb2{\nmax-height:430px;\n}\n.avia-accordion.av-av_slideshow_accordion-0ac549ceb16e4e00c56823b8cf8bbdb2 .aviaccordion-preview{\nwidth:25.1%;\n}\n.avia-accordion .aviaccordion-slide.av-av_slideshow_accordion-0ac549ceb16e4e00c56823b8cf8bbdb2__0{\nleft:0%;\n}\n.avia-accordion .aviaccordion-slide.av-av_slideshow_accordion-0ac549ceb16e4e00c56823b8cf8bbdb2__1{\nleft:25%;\n}\n.avia-accordion .aviaccordion-slide.av-av_slideshow_accordion-0ac549ceb16e4e00c56823b8cf8bbdb2__2{\nleft:50%;\n}\n.avia-accordion .aviaccordion-slide.av-av_slideshow_accordion-0ac549ceb16e4e00c56823b8cf8bbdb2__3{\nleft:75%;\n}\n<\/style>\n<div  id=\"accordion_slider_1\"  class='aviaccordion avia-accordion av-av_slideshow_accordion-0ac549ceb16e4e00c56823b8cf8bbdb2 aviaccordion-title-active av-slideshow-manual av-loop-once ' data-slideshow-options=\"{&quot;interval&quot;:5,&quot;autoplay&quot;:false,&quot;loop_autoplay&quot;:&quot;once&quot;}\"  itemscope=\"itemscope\" itemtype=\"https:\/\/schema.org\/Blog\" ><ul class=\"aviaccordion-inner\"><li class='aviaccordion-slide av-av_slideshow_accordion-0ac549ceb16e4e00c56823b8cf8bbdb2__0 aviaccordion-slide-1' data-av-left='0'  itemscope=\"itemscope\" itemtype=\"https:\/\/schema.org\/CreativeWork\" ><a class='aviaccordion-slide-link noHover' href=\"http:\/\/www.manolis-apartments.gr\/photo-gallery\/#typea\"  ><div class='aviaccordion-preview '><div class=\"aviaccordion-preview-title-pos\"><div class=\"aviaccordion-preview-title-wrap\"><div class=\"aviaccordion-preview-title\"><h3 class='aviaccordion-title '  itemprop=\"headline\" >STANDARD STUDIOS (TYP A)<\/h3><\/div><\/div><\/div><\/div><img loading=\"lazy\" decoding=\"async\" width=\"1500\" height=\"430\" src=\"https:\/\/www.manolis-apartments.gr\/wp-content\/uploads\/2015\/08\/IMG_4374-1500x430.jpeg\" class=\"aviaccordion-image\" alt=\"Manolis Apartments - Plakias Crete\" \/><\/a><\/li><li class='aviaccordion-slide av-av_slideshow_accordion-0ac549ceb16e4e00c56823b8cf8bbdb2__1 aviaccordion-slide-2' data-av-left='25'  itemscope=\"itemscope\" itemtype=\"https:\/\/schema.org\/CreativeWork\" ><a class='aviaccordion-slide-link noHover' href=\"http:\/\/www.manolis-apartments.gr\/photo-gallery\/#typeb\"  ><div class='aviaccordion-preview '><div class=\"aviaccordion-preview-title-pos\"><div class=\"aviaccordion-preview-title-wrap\"><div class=\"aviaccordion-preview-title\"><h3 class='aviaccordion-title '  itemprop=\"headline\" >SUPERIOR STUDIO (TYP B)<\/h3><\/div><\/div><\/div><\/div><img loading=\"lazy\" decoding=\"async\" width=\"1500\" height=\"430\" src=\"https:\/\/www.manolis-apartments.gr\/wp-content\/uploads\/2015\/08\/IMG_4380-1500x430.jpeg\" class=\"aviaccordion-image\" alt=\"Manolis Apartments - Plakias Crete\" \/><\/a><\/li><li class='aviaccordion-slide av-av_slideshow_accordion-0ac549ceb16e4e00c56823b8cf8bbdb2__2 aviaccordion-slide-3' data-av-left='50'  itemscope=\"itemscope\" itemtype=\"https:\/\/schema.org\/CreativeWork\" ><a class='aviaccordion-slide-link noHover' href=\"http:\/\/www.manolis-apartments.gr\/photo-gallery\/#typec\"  ><div class='aviaccordion-preview '><div class=\"aviaccordion-preview-title-pos\"><div class=\"aviaccordion-preview-title-wrap\"><div class=\"aviaccordion-preview-title\"><h3 class='aviaccordion-title '  itemprop=\"headline\" >APARTMENTS MIT EINEM SCHLAFZIMMER<\/h3><\/div><\/div><\/div><\/div><img loading=\"lazy\" decoding=\"async\" width=\"1500\" height=\"430\" src=\"https:\/\/www.manolis-apartments.gr\/wp-content\/uploads\/2014\/12\/IMG_3852-1500x430.jpeg\" class=\"aviaccordion-image\" alt=\"\" \/><\/a><\/li><li class='aviaccordion-slide av-av_slideshow_accordion-0ac549ceb16e4e00c56823b8cf8bbdb2__3 aviaccordion-slide-4' data-av-left='75'  itemscope=\"itemscope\" itemtype=\"https:\/\/schema.org\/CreativeWork\" ><a class='aviaccordion-slide-link noHover' href=\"http:\/\/www.manolis-apartments.gr\/de\/fotos\/#eirini\"  ><div class='aviaccordion-preview '><div class=\"aviaccordion-preview-title-pos\"><div class=\"aviaccordion-preview-title-wrap\"><div class=\"aviaccordion-preview-title\"><h3 class='aviaccordion-title '  itemprop=\"headline\" >EIRINI &amp; MANOLIS APARTMENTS MIT ZWEI SCHLAFZIMMER <\/h3><\/div><\/div><\/div><\/div><img loading=\"lazy\" decoding=\"async\" width=\"1500\" height=\"430\" src=\"https:\/\/www.manolis-apartments.gr\/wp-content\/uploads\/2019\/07\/IMG_4807-1500x430.jpeg\" class=\"aviaccordion-image\" alt=\"\" \/><\/a><\/li><\/ul><div class='aviaccordion-spacer' style='padding-bottom:28.666666666667%'><\/div><\/div><\/div>\n<style type=\"text\/css\" data-created_by=\"avia_inline_auto\" id=\"style-css-av-av_one_fourth-9497bbf8bff73ea4c6992cc17fa9ec36\">\n.flex_column.av-av_one_fourth-9497bbf8bff73ea4c6992cc17fa9ec36{\nborder-radius:0px 0px 0px 0px;\npadding:0px 0px 0px 0px;\n}\n<\/style>\n<div  class='flex_column av-av_one_fourth-9497bbf8bff73ea4c6992cc17fa9ec36 av_one_fourth  avia-builder-el-9  el_after_av_one_full  el_before_av_one_fourth  first flex_column_div av-zero-column-padding  column-top-margin'     ><p>\n<style type=\"text\/css\" data-created_by=\"avia_inline_auto\" id=\"style-css-av-av_heading-547439c4946eec69b46885c530cae1e4\">\n#top .av-special-heading.av-av_heading-547439c4946eec69b46885c530cae1e4{\npadding-bottom:10px;\n}\nbody .av-special-heading.av-av_heading-547439c4946eec69b46885c530cae1e4 .av-special-heading-tag .heading-char{\nfont-size:25px;\n}\n.av-special-heading.av-av_heading-547439c4946eec69b46885c530cae1e4 .av-subheading{\nfont-size:15px;\n}\n<\/style>\n<div  class='av-special-heading av-av_heading-547439c4946eec69b46885c530cae1e4 av-special-heading-h3  avia-builder-el-10  el_before_av_textblock  avia-builder-el-first '><h3 class='av-special-heading-tag '  itemprop=\"headline\"  >STANDARD STUDIOS (TYP A)<\/h3><div class=\"special-heading-border\"><div class=\"special-heading-inner-border\"><\/div><\/div><\/div><br \/>\n<section  class='av_textblock_section av-av_textblock-0366cc7376be6c9e82a3e9cc8987b64f '   itemscope=\"itemscope\" itemtype=\"https:\/\/schema.org\/CreativeWork\" ><div class='avia_textblock'  itemprop=\"text\" ><p>Jedes von den elf Studios Typ A sind <strong>25qm<\/strong> gro\u00df und sind f\u00fcr zwei bis drei Personen mit einem zus\u00e4tzlichen Bett geeignet.<\/p>\n<p>Die Studios bestehen aus einem gemeinsamen Raum (open-plan design), der ein Doppelbett und eine voll ausgestattete K\u00fcche (kitchen corner) hat. Das Bad mit der Dusche ist separat.<\/p>\n<p>Jedes Studio verf\u00fcgt \u00fcber einen eigenen Balkon mit sch\u00f6nem Blick auf den Garten und den Pool.<\/p>\n<\/div><\/section><\/p><\/div><\/p>\n\n<style type=\"text\/css\" data-created_by=\"avia_inline_auto\" id=\"style-css-av-av_one_fourth-9c1d454dc06f7247226bc4e8f931daae\">\n.flex_column.av-av_one_fourth-9c1d454dc06f7247226bc4e8f931daae{\nborder-radius:0px 0px 0px 0px;\npadding:0px 0px 0px 0px;\n}\n<\/style>\n<div  class='flex_column av-av_one_fourth-9c1d454dc06f7247226bc4e8f931daae av_one_fourth  avia-builder-el-12  el_after_av_one_fourth  el_before_av_one_fourth  flex_column_div av-zero-column-padding  column-top-margin'     ><p>\n<style type=\"text\/css\" data-created_by=\"avia_inline_auto\" id=\"style-css-av-av_heading-81205d383720c3c64d6f9b06d292506e\">\n#top .av-special-heading.av-av_heading-81205d383720c3c64d6f9b06d292506e{\npadding-bottom:10px;\n}\nbody .av-special-heading.av-av_heading-81205d383720c3c64d6f9b06d292506e .av-special-heading-tag .heading-char{\nfont-size:25px;\n}\n.av-special-heading.av-av_heading-81205d383720c3c64d6f9b06d292506e .av-subheading{\nfont-size:15px;\n}\n<\/style>\n<div  class='av-special-heading av-av_heading-81205d383720c3c64d6f9b06d292506e av-special-heading-h3  avia-builder-el-13  el_before_av_textblock  avia-builder-el-first '><h3 class='av-special-heading-tag '  itemprop=\"headline\"  >SUPERIOR STUDIO (TYP B)<\/h3><div class=\"special-heading-border\"><div class=\"special-heading-inner-border\"><\/div><\/div><\/div><br \/>\n<section  class='av_textblock_section av-av_textblock-0366cc7376be6c9e82a3e9cc8987b64f '   itemscope=\"itemscope\" itemtype=\"https:\/\/schema.org\/CreativeWork\" ><div class='avia_textblock'  itemprop=\"text\" ><p>In den zwei Superior Studios k\u00f6nnen von zwei bis drei Personen wohnen (ein Studio 30qm, wo zwei Personen bleiben k\u00f6nnen und ein Studio 40qm, wo zwei bis drei Personen \u00fcbernachten k\u00f6nnen).<\/p>\n<p>Die Apartments Typ B haben einen gro\u00dfen einheitlichen Raum, der die Betten, einen Tisch mit St\u00fchlen, eine voll ausgestattete K\u00fcche und ein separates Bad mit Badewanne hat.<\/p>\n<p>Jedes Apartment verf\u00fcgt \u00fcber einen eigenen gro\u00dfen Balkon mit sch\u00f6nem Blick auf den Garten und den Pool. Au\u00dferdem gibt es einen Aufzug.<\/p>\n<\/div><\/section><\/p><\/div>\n\n<style type=\"text\/css\" data-created_by=\"avia_inline_auto\" id=\"style-css-av-av_one_fourth-9c1d454dc06f7247226bc4e8f931daae\">\n.flex_column.av-av_one_fourth-9c1d454dc06f7247226bc4e8f931daae{\nborder-radius:0px 0px 0px 0px;\npadding:0px 0px 0px 0px;\n}\n<\/style>\n<div  class='flex_column av-av_one_fourth-9c1d454dc06f7247226bc4e8f931daae av_one_fourth  avia-builder-el-15  el_after_av_one_fourth  el_before_av_one_fourth  flex_column_div av-zero-column-padding  column-top-margin'     ><p>\n<style type=\"text\/css\" data-created_by=\"avia_inline_auto\" id=\"style-css-av-av_heading-44235ecf8e5903c11bb86cf4d602acf7\">\n#top .av-special-heading.av-av_heading-44235ecf8e5903c11bb86cf4d602acf7{\npadding-bottom:10px;\n}\nbody .av-special-heading.av-av_heading-44235ecf8e5903c11bb86cf4d602acf7 .av-special-heading-tag .heading-char{\nfont-size:25px;\n}\n.av-special-heading.av-av_heading-44235ecf8e5903c11bb86cf4d602acf7 .av-subheading{\nfont-size:15px;\n}\n<\/style>\n<div  class='av-special-heading av-av_heading-44235ecf8e5903c11bb86cf4d602acf7 av-special-heading-h3  avia-builder-el-16  el_before_av_textblock  avia-builder-el-first '><h3 class='av-special-heading-tag '  itemprop=\"headline\"  >APARTMENTS MIT EINEM SCHLAFZIMMER<\/h3><div class=\"special-heading-border\"><div class=\"special-heading-inner-border\"><\/div><\/div><\/div><br \/>\n<section  class='av_textblock_section av-av_textblock-0366cc7376be6c9e82a3e9cc8987b64f '   itemscope=\"itemscope\" itemtype=\"https:\/\/schema.org\/CreativeWork\" ><div class='avia_textblock'  itemprop=\"text\" ><p>Jedes von den f\u00fcnf Apartments Typ C ist <strong>60qm<\/strong> und vier bis f\u00fcnf Personen k\u00f6nnen dort wohnen.<\/p>\n<p>Die Apartments Typ C bestehen aus einem gem\u00fctlichen Schlafzimmer f\u00fcr zwei bis drei Personen, einem gro\u00dfen Wohnzimmer, wo zwei Personen dort schlafen k\u00f6nnen, einer voll ausgestatteten K\u00fcche mit Esstisch. Auch haben sie ein separates Bad mit Dusche oder Badewanne.<\/p>\n<p>Jedes Apartment hat einen gro\u00dfen Balkon mit sch\u00f6nem Blick auf den Garten und den Pool wie auch einen zweiten kleineren Balkon im Schlafzimmer mit Blick auf die Berge. Au\u00dferdem gibt es einen Aufzug.<\/p>\n<\/div><\/section><\/p><\/div>\n\n<style type=\"text\/css\" data-created_by=\"avia_inline_auto\" id=\"style-css-av-av_one_fourth-9c1d454dc06f7247226bc4e8f931daae\">\n.flex_column.av-av_one_fourth-9c1d454dc06f7247226bc4e8f931daae{\nborder-radius:0px 0px 0px 0px;\npadding:0px 0px 0px 0px;\n}\n<\/style>\n<div  class='flex_column av-av_one_fourth-9c1d454dc06f7247226bc4e8f931daae av_one_fourth  avia-builder-el-18  el_after_av_one_fourth  el_before_av_one_full  flex_column_div av-zero-column-padding  column-top-margin'     ><p>\n<style type=\"text\/css\" data-created_by=\"avia_inline_auto\" id=\"style-css-av-av_heading-ee3fa4708c3d10fbf1ba8c65ad0a3d36\">\n#top .av-special-heading.av-av_heading-ee3fa4708c3d10fbf1ba8c65ad0a3d36{\npadding-bottom:10px;\n}\nbody .av-special-heading.av-av_heading-ee3fa4708c3d10fbf1ba8c65ad0a3d36 .av-special-heading-tag .heading-char{\nfont-size:25px;\n}\n.av-special-heading.av-av_heading-ee3fa4708c3d10fbf1ba8c65ad0a3d36 .av-subheading{\nfont-size:15px;\n}\n<\/style>\n<div  class='av-special-heading av-av_heading-ee3fa4708c3d10fbf1ba8c65ad0a3d36 av-special-heading-h3  avia-builder-el-19  el_before_av_textblock  avia-builder-el-first '><h3 class='av-special-heading-tag '  itemprop=\"headline\"  >EIRINI <span class='special_amp'>&amp;<\/span> MANOLIS APARTMENTS MIT ZWEI SCHLAFZIMMER <\/h3><div class=\"special-heading-border\"><div class=\"special-heading-inner-border\"><\/div><\/div><\/div><br \/>\n<section  class='av_textblock_section av-av_textblock-0366cc7376be6c9e82a3e9cc8987b64f '   itemscope=\"itemscope\" itemtype=\"https:\/\/schema.org\/CreativeWork\" ><div class='avia_textblock'  itemprop=\"text\" ><p class=\"p1\">Jede von den zwei<span class=\"Apple-converted-space\">\u00a0 2<\/span>-Schlafzimmer Wohnungen\u00a0ist 60qm und vier Personen k\u00f6nnen dort wohnen.<\/p>\n<p class=\"p1\">Die Apartments bestehen aus zwei gem\u00fctlichen Schlafzimmer f\u00fcr zwei Personen, einem gro\u00dfen Wohnzimmer und einer voll ausgestatteten K\u00fcche mit Esstisch. Auch gibt es ein separates Bad mit Dusche .<\/p>\n<p class=\"p1\">Jedes Apartment hat einen gro\u00dfen Balkon mit sch\u00f6nem Blick auf den Garten und die Hauptstra\u00dfe \u00fcber dem Meer, wie auch einen zweiten Balkon mit blick auf die Berge.<\/p>\n<p class=\"p1\">Die \u2018EIRINI &amp; MANOLIS APARTMENTS\u2019 befinden sich 400 meter weit weg von \u2018Manolis Apartments\u2019\u00a0und unsere Kunden k\u00f6nnen<span class=\"Apple-converted-space\">\u00a0 <\/span>das Schwimmbad<span class=\"Apple-converted-space\">\u00a0<\/span>w\u00e4hrend ihre Unterkunft verwenden.<\/p>\n<\/div><\/section><\/p><\/div>\n<div  class='flex_column av-av_one_full-2a9015ff38129c418a3f2eafba3e9512 av_one_full  avia-builder-el-21  el_after_av_one_fourth  avia-builder-el-last  first flex_column_div  column-top-margin'     ><section  class='av_textblock_section av-av_textblock-0366cc7376be6c9e82a3e9cc8987b64f '   itemscope=\"itemscope\" itemtype=\"https:\/\/schema.org\/CreativeWork\" ><div class='avia_textblock'  itemprop=\"text\" ><p>Alle Apartments und Studios sind mit Klimaanlage, Kabelfernsehen und kostenfreiem, schnellem WLAN ausgestattet. Die Apartments bieten die ganze Ausstattung f\u00fcr die Vorbereitung eines Fr\u00fchst\u00fccks, des Mittag- oder des Abendessens, n\u00e4mlich einen Herd, K\u00fchlschrank, elektrische Ger\u00e4te, K\u00fcchenger\u00e4te u.s.w.. Auch jedes Apartment und Studio hat sein eigenes Bad mit Dusche oder Badewanne.<\/p>\n<\/div><\/section><\/div>\n","protected":false},"excerpt":{"rendered":"","protected":false},"author":1,"featured_media":0,"parent":0,"menu_order":0,"comment_status":"closed","ping_status":"closed","template":"","meta":{"_acf_changed":false,"footnotes":""},"class_list":["post-628","page","type-page","status-publish","hentry"],"acf":[],"_links":{"self":[{"href":"https:\/\/www.manolis-apartments.gr\/de\/wp-json\/wp\/v2\/pages\/628","targetHints":{"allow":["GET"]}}],"collection":[{"href":"https:\/\/www.manolis-apartments.gr\/de\/wp-json\/wp\/v2\/pages"}],"about":[{"href":"https:\/\/www.manolis-apartments.gr\/de\/wp-json\/wp\/v2\/types\/page"}],"author":[{"embeddable":true,"href":"https:\/\/www.manolis-apartments.gr\/de\/wp-json\/wp\/v2\/users\/1"}],"replies":[{"embeddable":true,"href":"https:\/\/www.manolis-apartments.gr\/de\/wp-json\/wp\/v2\/comments?post=628"}],"version-history":[{"count":6,"href":"https:\/\/www.manolis-apartments.gr\/de\/wp-json\/wp\/v2\/pages\/628\/revisions"}],"predecessor-version":[{"id":903,"href":"https:\/\/www.manolis-apartments.gr\/de\/wp-json\/wp\/v2\/pages\/628\/revisions\/903"}],"wp:attachment":[{"href":"https:\/\/www.manolis-apartments.gr\/de\/wp-json\/wp\/v2\/media?parent=628"}],"curies":[{"name":"wp","href":"https:\/\/api.w.org\/{rel}","templated":true}]}}